{"id":760,"date":"2021-01-29T12:05:05","date_gmt":"2021-01-29T12:05:05","guid":{"rendered":"http:\/\/damienboquetart.com\/artists\/"},"modified":"2023-03-28T12:27:30","modified_gmt":"2023-03-28T12:27:30","slug":"artists","status":"publish","type":"page","link":"https:\/\/damienboquetart.com\/en\/artists\/","title":{"rendered":"Artists"},"content":{"rendered":"\t\t<div data-elementor-type=\"wp-page\" data-elementor-id=\"760\" class=\"elementor elementor-760 elementor-67\" data-elementor-post-type=\"page\">\n\t\t\t\t\t\t<section class=\"elementor-section elementor-top-section elementor-element elementor-element-007632c elementor-section-full_width elementor-section-height-default elementor-section-height-default\" data-id=\"007632c\" data-element_type=\"section\">\n\t\t\t\t\t\t<div class=\"elementor-container elementor-column-gap-default\">\n\t\t\t\t\t<div class=\"elementor-column elementor-col-100 elementor-top-column elementor-element elementor-element-1461e1c\" data-id=\"1461e1c\" data-element_type=\"column\">\n\t\t\t<div class=\"elementor-widget-wrap elementor-element-populated\">\n\t\t\t\t\t\t<div class=\"elementor-element elementor-element-c47d529 menu-align-center menu-align-center elementor-widget elementor-widget-taxonomy-terms-menu\" data-id=\"c47d529\" data-element_type=\"widget\" data-widget_type=\"taxonomy-terms-menu.default\">\n\t\t\t\t<div class=\"elementor-widget-container\">\n\t\t\t\t\t<nav class=\"dce-menu dce-flex-menu horizontal\"><ul class=\"first-level\"><li class=\"dce-term-58\"><a href=\"https:\/\/damienboquetart.com\/en\/artistes\/emile-bernard-en\/\"><img decoding=\"async\" src=\"https:\/\/damienboquetart.com\/wp-content\/uploads\/elementor\/thumbs\/636569188206232260-p2bp82kmvk5ai27cbxwu8yxvijw1n2mygjqp5sos2o.jpg\" alt=\"Emile Bernard\" \/><span>Emile Bernard<\/span><\/a><\/li><li class=\"dce-term-93\"><a href=\"https:\/\/damienboquetart.com\/en\/artistes\/gustave-courbet-en\/\"><img decoding=\"async\" src=\"https:\/\/damienboquetart.com\/wp-content\/uploads\/elementor\/thumbs\/Courbet_Neige-scaled-e1675747632117-q1so73jfqotcpfovccv3zu11kp7oc9dkzenovmdfz4.jpg\" alt=\"Gustave Courbet\" \/><span>Gustave Courbet<\/span><\/a><\/li><li class=\"dce-term-59\"><a href=\"https:\/\/damienboquetart.com\/en\/artistes\/william-blake-en\/\"><img decoding=\"async\" src=\"https:\/\/damienboquetart.com\/wp-content\/uploads\/elementor\/thumbs\/DamienBoquetArt6112017T145127.804-p2bp82kmvk5ai27cbxwu8yxvijw1n2mygjqp5sos2o.jpg\" alt=\"William Blake\" \/><span>William Blake<\/span><\/a><\/li><li class=\"dce-term-60\"><a href=\"https:\/\/damienboquetart.com\/en\/artistes\/pierre-bonnard-en\/\"><img decoding=\"async\" src=\"https:\/\/damienboquetart.com\/wp-content\/uploads\/elementor\/thumbs\/636568048567848502-scaled-p2bp82kmvk5ai27cbxwu8yxvijw1n2mygjqp5sos2o.jpg\" alt=\"Pierre Bonnard\" \/><span>Pierre Bonnard<\/span><\/a><\/li><li class=\"dce-term-61\"><a href=\"https:\/\/damienboquetart.com\/en\/artistes\/victor-brauner-en\/\"><img decoding=\"async\" src=\"https:\/\/damienboquetart.com\/wp-content\/uploads\/elementor\/thumbs\/SANS-TITRE1-scaled-p2bp82kmvk5ai27cbxwu8yxvijw1n2mygjqp5sos2o.jpg\" alt=\"Victor Brauner\" \/><span>Victor Brauner<\/span><\/a><\/li><li class=\"dce-term-62\"><a href=\"https:\/\/damienboquetart.com\/en\/artistes\/mary-cassat-en\/\"><img decoding=\"async\" src=\"https:\/\/damienboquetart.com\/wp-content\/uploads\/elementor\/thumbs\/DamienBoquetArt13102017T101748.284-scaled-p2bp82kmvk5ai27cbxwu8yxvijw1n2mygjqp5sos2o.jpg\" alt=\"Mary Cassatt\" \/><span>Mary Cassatt<\/span><\/a><\/li><li class=\"dce-term-63\"><a href=\"https:\/\/damienboquetart.com\/en\/artistes\/marc-chagall-en\/\"><img decoding=\"async\" src=\"https:\/\/damienboquetart.com\/wp-content\/uploads\/elementor\/thumbs\/MARC-CHAGALL-LHOMME-A-LA-CUILLER-p2bp82kmvk5ai27cbxwu8yxvijw1n2mygjqp5sos2o.jpg\" alt=\"Marc Chagall\" \/><span>Marc Chagall<\/span><\/a><\/li><li class=\"dce-term-64\"><a href=\"https:\/\/damienboquetart.com\/en\/artistes\/edgar-degas-en\/\"><img decoding=\"async\" src=\"https:\/\/damienboquetart.com\/wp-content\/uploads\/elementor\/thumbs\/636465281649552456-scaled-p2bp82kmvk5ai27cbxwu8yxvijw1n2mygjqp5sos2o.jpg\" alt=\"Edgar Degas\" \/><span>Edgar Degas<\/span><\/a><\/li><li class=\"dce-term-65\"><a href=\"https:\/\/damienboquetart.com\/en\/artistes\/marcel-duchamp-en\/\"><img decoding=\"async\" src=\"https:\/\/damienboquetart.com\/wp-content\/uploads\/elementor\/thumbs\/636465132133884823-scaled-p2bp82kmvk5ai27cbxwu8yxvijw1n2mygjqp5sos2o.jpg\" alt=\"Marcel Duchamp\" \/><span>Marcel Duchamp<\/span><\/a><\/li><li class=\"dce-term-66\"><a href=\"https:\/\/damienboquetart.com\/en\/artistes\/james-ensor-en\/\"><img decoding=\"async\" src=\"https:\/\/damienboquetart.com\/wp-content\/uploads\/elementor\/thumbs\/636569195934809474-scaled-p2bp82kmvk5ai27cbxwu8yxvijw1n2mygjqp5sos2o.jpg\" alt=\"James Ensor\" \/><span>James Ensor<\/span><\/a><\/li><li class=\"dce-term-67\"><a href=\"https:\/\/damienboquetart.com\/en\/artistes\/leonard-tsuguharu-foujita-en\/\"><img decoding=\"async\" src=\"https:\/\/damienboquetart.com\/wp-content\/uploads\/elementor\/thumbs\/LEONARD-TSUSUHARU-FOUJITA-FEMME-PENSIVE--scaled-p2bp82kmvk5ai27cbxwu8yxvijw1n2mygjqp5sos2o.jpg\" alt=\"L\u00e9onard Tsuguharu Foujita\" \/><span>L\u00e9onard Tsuguharu Foujita<\/span><\/a><\/li><li class=\"dce-term-68\"><a href=\"https:\/\/damienboquetart.com\/en\/artistes\/esteban-frances-en\/\"><img decoding=\"async\" src=\"https:\/\/damienboquetart.com\/wp-content\/uploads\/elementor\/thumbs\/636570527742285821-scaled-p2bp82kmvk5ai27cbxwu8yxvijw1n2mygjqp5sos2o.jpg\" alt=\"Est\u00e9ban Franc\u00e9s\" \/><span>Est\u00e9ban Franc\u00e9s<\/span><\/a><\/li><li class=\"dce-term-69\"><a href=\"https:\/\/damienboquetart.com\/en\/artistes\/lucian-freud-en\/\"><img decoding=\"async\" src=\"https:\/\/damienboquetart.com\/wp-content\/uploads\/elementor\/thumbs\/636465344841872292-p2bp82kmvk5ai27cbxwu8yxvijw1n2mygjqp5sos2o.jpg\" alt=\"Lucian Freud\" \/><span>Lucian Freud<\/span><\/a><\/li><li class=\"dce-term-70\"><a href=\"https:\/\/damienboquetart.com\/en\/artistes\/johann-heinrich-fussli-en\/\"><img decoding=\"async\" src=\"https:\/\/damienboquetart.com\/wp-content\/uploads\/elementor\/thumbs\/636568009400631082-p2bp82kmvk5ai27cbxwu8yxvijw1n2mygjqp5sos2o.png\" alt=\"Johann Heinrich F\u00fcssli\" \/><span>Johann Heinrich F\u00fcssli<\/span><\/a><\/li><li class=\"dce-term-71\"><a href=\"https:\/\/damienboquetart.com\/en\/artistes\/marcel-jean-en\/\"><img decoding=\"async\" src=\"https:\/\/damienboquetart.com\/wp-content\/uploads\/elementor\/thumbs\/636466146991027939-p2bp82kmvk5ai27cbxwu8yxvijw1n2mygjqp5sos2o.png\" alt=\"Marcel Jean\" \/><span>Marcel Jean<\/span><\/a><\/li><li class=\"dce-term-72\"><a href=\"https:\/\/damienboquetart.com\/en\/artistes\/henri-laurens-en\/\"><img decoding=\"async\" src=\"https:\/\/damienboquetart.com\/wp-content\/uploads\/elementor\/thumbs\/636570499982648994-p2bp82kmvk5ai27cbxwu8yxvijw1n2mygjqp5sos2o.jpg\" alt=\"Henri Laurens\" \/><span>Henri Laurens<\/span><\/a><\/li><li class=\"dce-term-73\"><a href=\"https:\/\/damienboquetart.com\/en\/artistes\/fernand-leger-en\/\"><img decoding=\"async\" src=\"https:\/\/damienboquetart.com\/wp-content\/uploads\/elementor\/thumbs\/DamienBoquetArt17102017T84622.708-scaled-p2bp82kmvk5ai27cbxwu8yxvijw1n2mygjqp5sos2o.jpg\" alt=\"Fernand L\u00e9ger\" \/><span>Fernand L\u00e9ger<\/span><\/a><\/li><li class=\"dce-term-74\"><a href=\"https:\/\/damienboquetart.com\/en\/artistes\/andre-masson-en\/\"><img decoding=\"async\" src=\"https:\/\/damienboquetart.com\/wp-content\/uploads\/elementor\/thumbs\/636466949374037261-p2bp82kmvk5ai27cbxwu8yxvijw1n2mygjqp5sos2o.jpg\" alt=\"Andr\u00e9 Masson\" \/><span>Andr\u00e9 Masson<\/span><\/a><\/li><li class=\"dce-term-75\"><a href=\"https:\/\/damienboquetart.com\/en\/artistes\/henri-matisse-en\/\"><img decoding=\"async\" src=\"https:\/\/damienboquetart.com\/wp-content\/uploads\/elementor\/thumbs\/636858427271864956-scaled-p2bp82kmvk5ai27cbxwu8yxvijw1n2mygjqp5sos2o.jpg\" alt=\"Henri Matisse\" \/><span>Henri Matisse<\/span><\/a><\/li><li class=\"dce-term-76\"><a href=\"https:\/\/damienboquetart.com\/en\/artistes\/laszlo-moholy-nagy-en\/\"><img decoding=\"async\" src=\"https:\/\/damienboquetart.com\/wp-content\/uploads\/elementor\/thumbs\/636568908562202164-scaled-p2bp82kmvk5ai27cbxwu8yxvijw1n2mygjqp5sos2o.jpg\" alt=\"Laszlo Moholy-Nagy\" \/><span>Laszlo Moholy-Nagy<\/span><\/a><\/li><li class=\"dce-term-90\"><a href=\"https:\/\/damienboquetart.com\/en\/artistes\/amedeo-modigliani-en\/\"><img decoding=\"async\" src=\"https:\/\/damienboquetart.com\/wp-content\/uploads\/elementor\/thumbs\/Modigliani-te\u0302te-encre-p2bp82kmvk5ai27cbxwu8yxvijw1n2mygjqp5sos2o.jpg\" alt=\"Amedeo Modigliani\" \/><span>Amedeo Modigliani<\/span><\/a><\/li><li class=\"dce-term-77\"><a href=\"https:\/\/damienboquetart.com\/en\/artistes\/berthe-morisot-en\/\"><img decoding=\"async\" src=\"https:\/\/damienboquetart.com\/wp-content\/uploads\/elementor\/thumbs\/636717504543582893-p2bp82kmvk5ai27cbxwu8yxvijw1n2mygjqp5sos2o.jpg\" alt=\"Berthe Morisot\" \/><span>Berthe Morisot<\/span><\/a><\/li><li class=\"dce-term-78\"><a href=\"https:\/\/damienboquetart.com\/en\/artistes\/richard-oelze-en\/\"><img decoding=\"async\" src=\"https:\/\/damienboquetart.com\/wp-content\/uploads\/elementor\/thumbs\/636466161972913518-scaled-p2bp82kmvk5ai27cbxwu8yxvijw1n2mygjqp5sos2o.jpeg\" alt=\"Richard Oelze\" \/><span>Richard Oelze<\/span><\/a><\/li><li class=\"dce-term-79\"><a href=\"https:\/\/damienboquetart.com\/en\/artistes\/taro-okamoto-en\/\"><img decoding=\"async\" src=\"https:\/\/damienboquetart.com\/wp-content\/uploads\/elementor\/thumbs\/636466165913007678-scaled-p2bp82kmvk5ai27cbxwu8yxvijw1n2mygjqp5sos2o.jpg\" alt=\"Taro Okamoto\" \/><span>Taro Okamoto<\/span><\/a><\/li><li class=\"dce-term-80\"><a href=\"https:\/\/damienboquetart.com\/en\/artistes\/francis-picabia-en\/\"><img decoding=\"async\" src=\"https:\/\/damienboquetart.com\/wp-content\/uploads\/elementor\/thumbs\/636466178960234045-scaled-p2bp82kmvk5ai27cbxwu8yxvijw1n2mygjqp5sos2o.jpeg\" alt=\"Francis Picabia\" \/><span>Francis Picabia<\/span><\/a><\/li><li class=\"dce-term-81\"><a href=\"https:\/\/damienboquetart.com\/en\/artistes\/pablo-picasso-en\/\"><img decoding=\"async\" src=\"https:\/\/damienboquetart.com\/wp-content\/uploads\/elementor\/thumbs\/Picasso_Trois-gra\u0302ces-debout-p2bp82kmvk5ai27cbxwu8yxvijw1n2mygjqp5sos2o.jpg\" alt=\"Pablo Picasso\" \/><span>Pablo Picasso<\/span><\/a><\/li><li class=\"dce-term-82\"><a href=\"https:\/\/damienboquetart.com\/en\/artistes\/richard-pousette-dart-en\/\"><img decoding=\"async\" src=\"https:\/\/damienboquetart.com\/wp-content\/uploads\/elementor\/thumbs\/636466169338191583-scaled-p2bp82kmvk5ai27cbxwu8yxvijw1n2mygjqp5sos2o.jpg\" alt=\"Richard Pousette-Dart\" \/><span>Richard Pousette-Dart<\/span><\/a><\/li><li class=\"dce-term-83\"><a href=\"https:\/\/damienboquetart.com\/en\/artistes\/odilon-redon-en\/\"><img decoding=\"async\" src=\"https:\/\/damienboquetart.com\/wp-content\/uploads\/elementor\/thumbs\/636568161566400856-p2bp82kmvk5ai27cbxwu8yxvijw1n2mygjqp5sos2o.jpg\" alt=\"Odilon Redon\" \/><span>Odilon Redon<\/span><\/a><\/li><li class=\"dce-term-84\"><a href=\"https:\/\/damienboquetart.com\/en\/artistes\/pierre-auguste-renoir-en\/\"><img decoding=\"async\" src=\"https:\/\/damienboquetart.com\/wp-content\/uploads\/elementor\/thumbs\/636466066337650499-scaled-e1612360326580-p2bp82kmvk5ai27cbxwu8yxvijw1n2mygjqp5sos2o.jpg\" alt=\"Pierre-Auguste Renoir\" \/><span>Pierre-Auguste Renoir<\/span><\/a><\/li><li class=\"dce-term-85\"><a href=\"https:\/\/damienboquetart.com\/en\/artistes\/auguste-rodin-en\/\"><img decoding=\"async\" src=\"https:\/\/damienboquetart.com\/wp-content\/uploads\/elementor\/thumbs\/DamienBoquetArt23102017T1513.771-p2bp82kmvk5ai27cbxwu8yxvijw1n2mygjqp5sos2o.jpg\" alt=\"Auguste Rodin\" \/><span>Auguste Rodin<\/span><\/a><\/li><li class=\"dce-term-89\"><a href=\"https:\/\/damienboquetart.com\/en\/artistes\/alberto-savinio-en\/\"><img decoding=\"async\" src=\"https:\/\/damienboquetart.com\/wp-content\/uploads\/elementor\/thumbs\/Savinio-NET-scaled-p2bp82kmvk5ai27cbxwu8yxvijw1n2mygjqp5sos2o.jpg\" alt=\"Alberto Savinio\" \/><span>Alberto Savinio<\/span><\/a><\/li><li class=\"dce-term-86\"><a href=\"https:\/\/damienboquetart.com\/en\/artistes\/claude-emile-schuffenecker-en\/\"><img decoding=\"async\" src=\"https:\/\/damienboquetart.com\/wp-content\/uploads\/elementor\/thumbs\/636568157836192473-p2bp82kmvk5ai27cbxwu8yxvijw1n2mygjqp5sos2o.jpg\" alt=\"Claude-Emile Schuffenecker\" \/><span>Claude-Emile Schuffenecker<\/span><\/a><\/li><li class=\"dce-term-87\"><a href=\"https:\/\/damienboquetart.com\/en\/artistes\/kees-van-dongen-en\/\"><img decoding=\"async\" src=\"https:\/\/damienboquetart.com\/wp-content\/uploads\/elementor\/thumbs\/636568039882420081-scaled-p2bp82kmvk5ai27cbxwu8yxvijw1n2mygjqp5sos2o.jpg\" alt=\"Kees Van Dongen\" \/><span>Kees Van Dongen<\/span><\/a><\/li><li class=\"dce-term-88\"><a href=\"https:\/\/damienboquetart.com\/en\/artistes\/edouard-vuillard-en\/\"><img decoding=\"async\" src=\"https:\/\/damienboquetart.com\/wp-content\/uploads\/elementor\/thumbs\/636568019875664539-p2bp82kmvk5ai27cbxwu8yxvijw1n2mygjqp5sos2o.jpg\" alt=\"Edouard Vuillard\" \/><span>Edouard Vuillard<\/span><\/a><\/li><\/ul><\/nav>\t\t\t\t<\/div>\n\t\t\t\t<\/div>\n\t\t\t\t\t<\/div>\n\t\t<\/div>\n\t\t\t\t\t<\/div>\n\t\t<\/section>\n\t\t\t\t<\/div>\n\t\t","protected":false},"excerpt":{"rendered":"<p>Albert Andr\u00e9 Emile Bernard William Blake Pierre Bonnard Victor Brauner Mary Cassatt Marc Chagall Edgar Degas James Ensor L\u00e9onard Tsuguharu Foujita Est\u00e9ban Franc\u00e9s Lucian Freud Johann Heinrich F\u00fcssli Marcel Jean Henri Laurens Fernand L\u00e9ger Henri Matisse Laszlo Moholy-Nagy Berthe Morisot Richard Oelze Taro Okamoto Francis Picabia Richard Pousette-Dart Pierre-Auguste Renoir Auguste Rodin Alberto Savinio Claude-Emile [&hellip;]<\/p>\n","protected":false},"author":1,"featured_media":0,"parent":0,"menu_order":0,"comment_status":"closed","ping_status":"closed","template":"elementor_header_footer","meta":{"_acf_changed":false,"inline_featured_image":false,"footnotes":""},"class_list":["post-760","page","type-page","status-publish","hentry"],"acf":[],"_links":{"self":[{"href":"https:\/\/damienboquetart.com\/en\/wp-json\/wp\/v2\/pages\/760","targetHints":{"allow":["GET"]}}],"collection":[{"href":"https:\/\/damienboquetart.com\/en\/wp-json\/wp\/v2\/pages"}],"about":[{"href":"https:\/\/damienboquetart.com\/en\/wp-json\/wp\/v2\/types\/page"}],"author":[{"embeddable":true,"href":"https:\/\/damienboquetart.com\/en\/wp-json\/wp\/v2\/users\/1"}],"replies":[{"embeddable":true,"href":"https:\/\/damienboquetart.com\/en\/wp-json\/wp\/v2\/comments?post=760"}],"version-history":[{"count":2,"href":"https:\/\/damienboquetart.com\/en\/wp-json\/wp\/v2\/pages\/760\/revisions"}],"predecessor-version":[{"id":985,"href":"https:\/\/damienboquetart.com\/en\/wp-json\/wp\/v2\/pages\/760\/revisions\/985"}],"wp:attachment":[{"href":"https:\/\/damienboquetart.com\/en\/wp-json\/wp\/v2\/media?parent=760"}],"curies":[{"name":"wp","href":"https:\/\/api.w.org\/{rel}","templated":true}]}}